{"id":79,"date":"2022-06-27T21:29:41","date_gmt":"2022-06-27T21:29:41","guid":{"rendered":"https:\/\/jorgegonzaleztraumatologo.com\/blog\/?page_id=79"},"modified":"2022-06-27T21:41:14","modified_gmt":"2022-06-27T21:41:14","slug":"por-que-me-duele-la-rodilla","status":"publish","type":"page","link":"https:\/\/jorgegonzaleztraumatologo.com\/blog\/por-que-me-duele-la-rodilla\/","title":{"rendered":"\u00bfPOR QU\u00c9 ME DUELE LA RODILLA?\ud83e\uddb5\ud83c\udffc"},"content":{"rendered":"\n<p>La localizaci\u00f3n del dolor es un punto importante que nos ayuda a los m\u00e9dicos para poder llegar a un diagn\u00f3stico. Estas son algunas de las causas m\u00e1s comunes relacionadas a la localizaci\u00f3n del dolor.<\/p>\n\n\n\n<p>El Dr. Jorge Gonzalez puede ayudarte a buscar la causa de tu dolor de rodilla.<\/p>\n\n\n\n<ul class=\"wp-block-list\"><li>\u2705Dolor superior &#8211; Tendinitis del cuadriceps. <\/li><li>\u2705Dolor anterior &#8211; Bursitis, condromalacia rotuliana, desgaste de r\u00f3tula. <\/li><li>\u2705Dolor medial &#8211; Lesi\u00f3n menisco medial, lesi\u00f3n ligamento colateral medial, desgaste. <\/li><li>\u2705Dolor inferior y medial &#8211; Tendinitis de isquiotibiales, bursitis anserina, tendinitis de la pata de ganso.<\/li><li>\u2705Dolor lateral &#8211; Lesi\u00f3n menisco lateral, lesi\u00f3n ligamento colateral lateral, desgaste, dolor de la banda iliotibial. <\/li><li>\u2705Dolor inferior &#8211; Tendinitis rotuliana. Agenda una cita si tienes alguno de estos problemas, para buscar una soluci\u00f3n.<\/li><\/ul>\n\n\n\n<p><\/p>\n\n\n\n<p><strong>Dr. Jorge Eduardo Gonz\u00e1lez Aguirre\ud83e\uddd1\ud83c\udffb\u200d\u2695\ufe0f<br>Traumatologia y Ortopedia\ud83e\uddb4<br>Alta Especialidad en Rodilla y Hombro\ud83e\uddb5\ud83c\udffc\ud83d\udcaa\ud83c\udffc<\/strong><br>Saltillo \ud83d\udcf1844 503 21 21<br>Monterrey \ud83d\udcf181 35 98 40 94<\/p>\n\n\n\n<p class=\"has-black-color has-white-background-color has-text-color has-background\"><a href=\"https:\/\/jorgegonzaleztraumatologo.com\/\">https:\/\/jorgegonzaleztraumatologo.com\/<\/a><\/p>\n\n\n\n<h1 class=\"wp-block-heading\">traumatologo #traumatologia #ortopedia #fractura #menisco #ligamento #colateral #tendinitis #desgaste #lca #condromalacia #bursitis #saltillo #monterrey #ortopedista #dolor #rodilla<\/h1>\n","protected":false},"excerpt":{"rendered":"<p>La localizaci\u00f3n del dolor es un punto importante que nos ayuda a los m\u00e9dicos para poder llegar a un diagn\u00f3stico. Estas son algunas de las causas m\u00e1s comunes relacionadas a la localizaci\u00f3n del dolor. El Dr. Jorge Gonzalez puede ayudarte&#8230; <a class=\"more-link\" href=\"https:\/\/jorgegonzaleztraumatologo.com\/blog\/por-que-me-duele-la-rodilla\/\">Continue Reading &rarr;<\/a><\/p>\n","protected":false},"author":2,"featured_media":60,"parent":0,"menu_order":0,"comment_status":"closed","ping_status":"closed","template":"","meta":{"footnotes":""},"class_list":["post-79","page","type-page","status-publish","has-post-thumbnail","hentry"],"_links":{"self":[{"href":"https:\/\/jorgegonzaleztraumatologo.com\/blog\/wp-json\/wp\/v2\/pages\/79","targetHints":{"allow":["GET"]}}],"collection":[{"href":"https:\/\/jorgegonzaleztraumatologo.com\/blog\/wp-json\/wp\/v2\/pages"}],"about":[{"href":"https:\/\/jorgegonzaleztraumatologo.com\/blog\/wp-json\/wp\/v2\/types\/page"}],"author":[{"embeddable":true,"href":"https:\/\/jorgegonzaleztraumatologo.com\/blog\/wp-json\/wp\/v2\/users\/2"}],"replies":[{"embeddable":true,"href":"https:\/\/jorgegonzaleztraumatologo.com\/blog\/wp-json\/wp\/v2\/comments?post=79"}],"version-history":[{"count":3,"href":"https:\/\/jorgegonzaleztraumatologo.com\/blog\/wp-json\/wp\/v2\/pages\/79\/revisions"}],"predecessor-version":[{"id":84,"href":"https:\/\/jorgegonzaleztraumatologo.com\/blog\/wp-json\/wp\/v2\/pages\/79\/revisions\/84"}],"wp:featuredmedia":[{"embeddable":true,"href":"https:\/\/jorgegonzaleztraumatologo.com\/blog\/wp-json\/wp\/v2\/media\/60"}],"wp:attachment":[{"href":"https:\/\/jorgegonzaleztraumatologo.com\/blog\/wp-json\/wp\/v2\/media?parent=79"}],"curies":[{"name":"wp","href":"https:\/\/api.w.org\/{rel}","templated":true}]}}