{"id":72,"date":"2022-06-27T21:20:16","date_gmt":"2022-06-27T21:20:16","guid":{"rendered":"https:\/\/jorgegonzaleztraumatologo.com\/blog\/?page_id=72"},"modified":"2022-06-27T21:20:16","modified_gmt":"2022-06-27T21:20:16","slug":"lumbalgia-o-dolor-de-espalda","status":"publish","type":"page","link":"https:\/\/jorgegonzaleztraumatologo.com\/blog\/lumbalgia-o-dolor-de-espalda\/","title":{"rendered":"LUMBALGIA O DOLOR DE ESPALDA"},"content":{"rendered":"\n<p>Es uno de los padecimientos m\u00e1s frecuentes qu\u00e9 afectan del 50 al 80% de la poblaci\u00f3n alguna vez durante su vida. <\/p>\n\n\n\n<p>El Dr. Jorge Gonzalez da tratamiento para lumbalgia o espalda baja.<\/p>\n\n\n\n<h3 class=\"wp-block-heading\">Las causas m\u00e1s comunes son:<\/h3>\n\n\n\n<ul class=\"wp-block-list\"><li>\ud83d\udd38\ufe0fContractura muscular<\/li><\/ul>\n\n\n\n<ul class=\"wp-block-list\"><li>\ud83d\udd38\ufe0fS\u00edndrome facetario<\/li><\/ul>\n\n\n\n<ul class=\"wp-block-list\"><li>\ud83d\udd38\ufe0fHernia de disco<\/li><\/ul>\n\n\n\n<ul class=\"wp-block-list\"><li>\ud83d\udd38\ufe0fEstenosis lumbar<\/li><\/ul>\n\n\n\n<h3 class=\"wp-block-heading\">S\u00edntomas<\/h3>\n\n\n\n<ul class=\"wp-block-list\"><li>\u2733\ufe0fDolor en la parte baja de la espalda<\/li><\/ul>\n\n\n\n<ul class=\"wp-block-list\"><li>\u2733\ufe0fRigidez <\/li><\/ul>\n\n\n\n<ul class=\"wp-block-list\"><li>\u2733\ufe0fHormigueo o adormecimiento de las piernas<\/li><\/ul>\n\n\n\n<ul class=\"wp-block-list\"><li>\u2733\ufe0fDisminuci\u00f3n de la fuerza o sensibilidad de las piernas<\/li><\/ul>\n\n\n\n<ul class=\"wp-block-list\"><li>\u2733\ufe0fDolor irradiado a la parte posterior de las piernas<\/li><\/ul>\n\n\n\n<h3 class=\"wp-block-heading\">Factores de riesgo<\/h3>\n\n\n\n<ul class=\"wp-block-list\"><li>\ud83d\udeabObesidad<\/li><\/ul>\n\n\n\n<ul class=\"wp-block-list\"><li>\ud83d\udeabTabaquismo<\/li><\/ul>\n\n\n\n<ul class=\"wp-block-list\"><li>\ud83d\udeabVibraci\u00f3n <\/li><\/ul>\n\n\n\n<ul class=\"wp-block-list\"><li>\ud83d\udeabCarga de peso<\/li><\/ul>\n\n\n\n<ul class=\"wp-block-list\"><li>\ud83d\udeabMalas posturas<\/li><\/ul>\n\n\n\n<ul class=\"wp-block-list\"><li>\ud83d\udeabEstr\u00e9s laboral<\/li><\/ul>\n\n\n\n<ul class=\"wp-block-list\"><li>\ud83d\udeabEstar sentado tiempos prolongados<\/li><\/ul>\n\n\n\n<p>Existen tratamientos para cada una de las causas.<\/p>\n\n\n\n<p>Si tienes dudas o quieres agendar una cita, puedes mandar un WhatsApp al siguiente link: https:\/\/wa.me\/message\/CYI4UDFWGKYPK1<\/p>\n\n\n\n<p><\/p>\n\n\n\n<div class=\"wp-block-group\"><div class=\"wp-block-group__inner-container is-layout-flow wp-block-group-is-layout-flow\">\n<p><strong>Dr. Jorge Gonz\u00e1lez\ud83e\uddd1\ud83c\udffb\u200d\u2695\ufe0f<\/strong><\/p>\n\n\n\n<p><strong>Traumatologia y Ortopedia\ud83e\uddb4<\/strong><\/p>\n\n\n\n<p><strong>Alta Especialidad en Rodilla y Hombro<\/strong>\ud83e\uddb5\ud83c\udffc\ud83d\udcaa\ud83c\udffc <\/p>\n<\/div><\/div>\n\n\n\n<p>\u260e\ufe0fSaltillo 844 503 21 21 <\/p>\n\n\n\n<p>\u260e\ufe0fMonterrey 81 35 98 40 94<\/p>\n\n\n\n<p>\u2705\ufe0fWhatsApp https:\/\/wa.me\/message\/CYI4UDFWGKYPK1<\/p>\n\n\n\n<p>https:\/\/jorgegonzaleztraumatologo.com\/<\/p>\n\n\n\n<p>#traumatologo #traumatologia #ortopedia #lumbalgia #espalda #columna #dolor #ciatica #saltillo #monterrey #ortopedista #hernia #cirugia<\/p>\n","protected":false},"excerpt":{"rendered":"<p>Es uno de los padecimientos m\u00e1s frecuentes qu\u00e9 afectan del 50 al 80% de la poblaci\u00f3n alguna vez durante su vida. El Dr. Jorge Gonzalez da tratamiento para lumbalgia o espalda baja. Las causas m\u00e1s comunes son: \ud83d\udd38\ufe0fContractura muscular \ud83d\udd38\ufe0fS\u00edndrome&#8230; <a class=\"more-link\" href=\"https:\/\/jorgegonzaleztraumatologo.com\/blog\/lumbalgia-o-dolor-de-espalda\/\">Continue Reading &rarr;<\/a><\/p>\n","protected":false},"author":2,"featured_media":64,"parent":0,"menu_order":0,"comment_status":"open","ping_status":"closed","template":"","meta":{"footnotes":""},"class_list":["post-72","page","type-page","status-publish","has-post-thumbnail","hentry"],"_links":{"self":[{"href":"https:\/\/jorgegonzaleztraumatologo.com\/blog\/wp-json\/wp\/v2\/pages\/72","targetHints":{"allow":["GET"]}}],"collection":[{"href":"https:\/\/jorgegonzaleztraumatologo.com\/blog\/wp-json\/wp\/v2\/pages"}],"about":[{"href":"https:\/\/jorgegonzaleztraumatologo.com\/blog\/wp-json\/wp\/v2\/types\/page"}],"author":[{"embeddable":true,"href":"https:\/\/jorgegonzaleztraumatologo.com\/blog\/wp-json\/wp\/v2\/users\/2"}],"replies":[{"embeddable":true,"href":"https:\/\/jorgegonzaleztraumatologo.com\/blog\/wp-json\/wp\/v2\/comments?post=72"}],"version-history":[{"count":2,"href":"https:\/\/jorgegonzaleztraumatologo.com\/blog\/wp-json\/wp\/v2\/pages\/72\/revisions"}],"predecessor-version":[{"id":74,"href":"https:\/\/jorgegonzaleztraumatologo.com\/blog\/wp-json\/wp\/v2\/pages\/72\/revisions\/74"}],"wp:featuredmedia":[{"embeddable":true,"href":"https:\/\/jorgegonzaleztraumatologo.com\/blog\/wp-json\/wp\/v2\/media\/64"}],"wp:attachment":[{"href":"https:\/\/jorgegonzaleztraumatologo.com\/blog\/wp-json\/wp\/v2\/media?parent=72"}],"curies":[{"name":"wp","href":"https:\/\/api.w.org\/{rel}","templated":true}]}}